{"id":3310,"date":"2018-11-08T09:22:56","date_gmt":"2018-11-08T09:22:56","guid":{"rendered":"https:\/\/www.methodia.com\/become-a-partner"},"modified":"2026-05-12T12:18:16","modified_gmt":"2026-05-12T12:18:16","slug":"become-a-partner","status":"publish","type":"page","link":"https:\/\/www.methodia.com\/es\/become-a-partner","title":{"rendered":"Convi\u00e9rtete en un compa\u00f1ero"},"content":{"rendered":"\t\t<div data-elementor-type=\"wp-post\" data-elementor-id=\"3310\" class=\"elementor elementor-3310 elementor-1658\" data-elementor-post-type=\"page\">\n\t\t\t\t\t\t<section class=\"elementor-section elementor-top-section elementor-element elementor-element-74f0eee elementor-section-stretched elementor-section-boxed elementor-section-height-default elementor-section-height-default\" data-id=\"74f0eee\" data-element_type=\"section\" data-settings=\"{&quot;stretch_section&quot;:&quot;section-stretched&quot;,&quot;background_background&quot;:&quot;classic&quot;}\">\n\t\t\t\t\t\t<div class=\"elementor-container elementor-column-gap-default\">\n\t\t\t\t\t<div class=\"elementor-column elementor-col-100 elementor-top-column elementor-element elementor-element-8180bbb\" data-id=\"8180bbb\" data-element_type=\"column\">\n\t\t\t<div class=\"elementor-widget-wrap elementor-element-populated\">\n\t\t\t\t\t\t<div class=\"elementor-element elementor-element-dccab17 elementor-widget elementor-widget-spacer\" data-id=\"dccab17\" data-element_type=\"widget\" data-widget_type=\"spacer.default\">\n\t\t\t\t\t\t\t<div class=\"elementor-spacer\">\n\t\t\t<div class=\"elementor-spacer-inner\"><\/div>\n\t\t<\/div>\n\t\t\t\t\t\t<\/div>\n\t\t\t\t\t<\/div>\n\t\t<\/div>\n\t\t\t\t\t<\/div>\n\t\t<\/section>\n\t\t\t\t<section class=\"elementor-section elementor-top-section elementor-element elementor-element-9477fec elementor-section-stretched elementor-section-boxed elementor-section-height-default elementor-section-height-default\" data-id=\"9477fec\" data-element_type=\"section\" data-settings=\"{&quot;stretch_section&quot;:&quot;section-stretched&quot;,&quot;background_background&quot;:&quot;classic&quot;}\">\n\t\t\t\t\t\t<div class=\"elementor-container elementor-column-gap-default\">\n\t\t\t\t\t<div class=\"elementor-column elementor-col-33 elementor-top-column elementor-element elementor-element-6e3198e\" data-id=\"6e3198e\" data-element_type=\"column\">\n\t\t\t<div class=\"elementor-widget-wrap elementor-element-populated\">\n\t\t\t\t\t\t<div class=\"elementor-element elementor-element-684b969 eael-contact-form-7-button-full-width elementor-widget elementor-widget-eael-contact-form-7\" data-id=\"684b969\" data-element_type=\"widget\" data-widget_type=\"eael-contact-form-7.default\">\n\t\t\t\t\t<div class=\"eael-contact-form-7-wrapper\">\n                <div class=\"eael-contact-form eael-contact-form-7 eael-contact-form-684b969 placeholder-show eael-contact-form-align-default\">\n<div class=\"wpcf7 no-js\" id=\"wpcf7-f1662-o1\" lang=\"en-US\" dir=\"ltr\" data-wpcf7-id=\"1662\">\n<div class=\"screen-reader-response\"><p role=\"status\" aria-live=\"polite\" aria-atomic=\"true\"><\/p> <ul><\/ul><\/div>\n<form action=\"\/es\/wp-json\/wp\/v2\/pages\/3310#wpcf7-f1662-o1\" method=\"post\" class=\"wpcf7-form init e6af83d8d53c cmatic-disconn cmatic-aud-0 cmatic-mapd0-0 cmatic-v0978 cmatic-sent-0 cmatic-total-0\" aria-label=\"Contact form\" novalidate=\"novalidate\" data-status=\"init\">\n<fieldset class=\"hidden-fields-container\"><input type=\"hidden\" name=\"_wpcf7\" value=\"1662\" \/><input type=\"hidden\" name=\"_wpcf7_version\" value=\"6.1.1\" \/><input type=\"hidden\" name=\"_wpcf7_locale\" value=\"en_US\" \/><input type=\"hidden\" name=\"_wpcf7_unit_tag\" value=\"wpcf7-f1662-o1\" \/><input type=\"hidden\" name=\"_wpcf7_container_post\" value=\"0\" \/><input type=\"hidden\" name=\"_wpcf7_posted_data_hash\" value=\"\" \/><input type=\"hidden\" name=\"_wpcf7_recaptcha_response\" value=\"\" \/>\n<\/fieldset>\n<h2>Become a partner\n<\/h2>\n<p>If you aspire to join Methodia in the quest for successful business expansion, submit your contact details and we will get in touch within 1 business day.\n<\/p>\n<p><span class=\"wpcf7-form-control-wrap\" data-name=\"your-name\"><input size=\"40\" maxlength=\"400\" class=\"wpcf7-form-control wpcf7-text wpcf7-validates-as-required\" aria-required=\"true\" aria-invalid=\"false\" placeholder=\"Name\" value=\"\" type=\"text\" name=\"your-name\" \/><\/span><span class=\"wpcf7-form-control-wrap\" data-name=\"your-position\"><input size=\"40\" maxlength=\"400\" class=\"wpcf7-form-control wpcf7-text\" aria-invalid=\"false\" placeholder=\"Position(optional)\" value=\"\" type=\"text\" name=\"your-position\" \/><\/span><span class=\"wpcf7-form-control-wrap\" data-name=\"your-company\"><input size=\"40\" maxlength=\"400\" class=\"wpcf7-form-control wpcf7-text\" aria-invalid=\"false\" placeholder=\"Company(optional)\" value=\"\" type=\"text\" name=\"your-company\" \/><\/span><span class=\"wpcf7-form-control-wrap\" data-name=\"your-phone\"><input size=\"40\" maxlength=\"400\" class=\"wpcf7-form-control wpcf7-tel wpcf7-validates-as-required wpcf7-text wpcf7-validates-as-tel\" aria-required=\"true\" aria-invalid=\"false\" placeholder=\"Phone\" value=\"\" type=\"tel\" name=\"your-phone\" \/><\/span><span class=\"wpcf7-form-control-wrap\" data-name=\"your-email\"><input size=\"40\" maxlength=\"400\" class=\"wpcf7-form-control wpcf7-email wpcf7-validates-as-required wpcf7-text wpcf7-validates-as-email\" aria-required=\"true\" aria-invalid=\"false\" placeholder=\"Email\" value=\"\" type=\"email\" name=\"your-email\" \/><\/span><span class=\"wpcf7-form-control-wrap\" data-name=\"your-message\"><textarea cols=\"40\" rows=\"10\" maxlength=\"2000\" class=\"wpcf7-form-control wpcf7-textarea wpcf7-validates-as-required\" aria-required=\"true\" aria-invalid=\"false\" placeholder=\"Message\" name=\"your-message\"><\/textarea><\/span>\n<\/p>\n<div class=\"legal white\">\n\t<p><span class=\"wpcf7-form-control-wrap\" data-name=\"checkbox-agree\"><span class=\"wpcf7-form-control wpcf7-acceptance\"><span class=\"wpcf7-list-item\"><label><input type=\"checkbox\" name=\"checkbox-agree\" value=\"1\" aria-invalid=\"false\" \/><span class=\"wpcf7-list-item-label\">I agree with the <a href=\"https:\/\/www.methodia.com\/legal\/general-terms-and-conditions\">General Terms and Conditions<\/a> and <a href=\"https:\/\/www.methodia.com\/legal\/privacy-policy\" >Privacy Policy<\/a><\/span><\/label><\/span><\/span><\/span>\n\t<\/p>\n<\/div>\n<div class=\"legal white\">\n\t<p><span class=\"wpcf7-form-control-wrap\" data-name=\"checkbox-news\"><span class=\"wpcf7-form-control wpcf7-checkbox\"><span class=\"wpcf7-list-item first last\"><label><input type=\"checkbox\" name=\"checkbox-news[]\" value=\"Please keep me updated with emails about news, events and special offers from Methodia\" \/><span class=\"wpcf7-list-item-label\">Please keep me updated with emails about news, events and special offers from Methodia<\/span><\/label><\/span><\/span><\/span>\n\t<\/p>\n<\/div>\n<p><input class=\"wpcf7-form-control wpcf7-submit has-spinner\" type=\"submit\" value=\"Send Request\" \/>\n<\/p><div class=\"wpcf7-response-output\" aria-hidden=\"true\"><\/div>\n<\/form>\n<\/div>\n<\/div>\n            <\/div>\t\t\t\t<\/div>\n\t\t\t\t\t<\/div>\n\t\t<\/div>\n\t\t\t\t<div class=\"elementor-column elementor-col-33 elementor-top-column elementor-element elementor-element-91de26d\" data-id=\"91de26d\" data-element_type=\"column\">\n\t\t\t<div class=\"elementor-widget-wrap\">\n\t\t\t\t\t\t\t<\/div>\n\t\t<\/div>\n\t\t\t\t<div class=\"elementor-column elementor-col-33 elementor-top-column elementor-element elementor-element-e8fbc59\" data-id=\"e8fbc59\" data-element_type=\"column\">\n\t\t\t<div class=\"elementor-widget-wrap elementor-element-populated\">\n\t\t\t\t\t\t<div class=\"elementor-element elementor-element-2691456 elementor-widget elementor-widget-spacer\" data-id=\"2691456\" data-element_type=\"widget\" data-widget_type=\"spacer.default\">\n\t\t\t\t\t\t\t<div class=\"elementor-spacer\">\n\t\t\t<div class=\"elementor-spacer-inner\"><\/div>\n\t\t<\/div>\n\t\t\t\t\t\t<\/div>\n\t\t\t\t<div class=\"elementor-element elementor-element-e39c20d elementor-widget elementor-widget-image\" data-id=\"e39c20d\" data-element_type=\"widget\" data-widget_type=\"image.default\">\n\t\t\t\t\t\t\t\t\t\t\t\t\t\t\t<img fetchpriority=\"high\" decoding=\"async\" width=\"972\" height=\"804\" src=\"https:\/\/www.methodia.com\/wp-content\/uploads\/2018\/04\/talk-to-expert-mia-form.png\" class=\"attachment-full size-full wp-image-3064\" alt=\"\" srcset=\"https:\/\/www.methodia.com\/wp-content\/uploads\/2018\/04\/talk-to-expert-mia-form.png 972w, https:\/\/www.methodia.com\/wp-content\/uploads\/2018\/04\/talk-to-expert-mia-form-300x248.png 300w, https:\/\/www.methodia.com\/wp-content\/uploads\/2018\/04\/talk-to-expert-mia-form-768x635.png 768w, https:\/\/www.methodia.com\/wp-content\/uploads\/2018\/04\/talk-to-expert-mia-form-177x146.png 177w, https:\/\/www.methodia.com\/wp-content\/uploads\/2018\/04\/talk-to-expert-mia-form-50x41.png 50w, https:\/\/www.methodia.com\/wp-content\/uploads\/2018\/04\/talk-to-expert-mia-form-91x75.png 91w\" sizes=\"(max-width: 972px) 100vw, 972px\" \/>\t\t\t\t\t\t\t\t\t\t\t\t\t\t\t<\/div>\n\t\t\t\t<div class=\"elementor-element elementor-element-a778bf5 elementor-widget elementor-widget-text-editor\" data-id=\"a778bf5\" data-element_type=\"widget\" data-widget_type=\"text-editor.default\">\n\t\t\t\t\t\t\t\t\t<p><span style=\"font-family: UniNeueBold; font-size: 18px; color: #664c99; letter-spacing: 0; line-height: 25px;\">Tzvetomila Yordanova<\/span><br \/>\nGlobal Account Manager<\/p>\n\t\t\t\t\t\t\t\t<\/div>\n\t\t\t\t\t<\/div>\n\t\t<\/div>\n\t\t\t\t\t<\/div>\n\t\t<\/section>\n\t\t\t\t<section class=\"elementor-section elementor-top-section elementor-element elementor-element-9e62c20 elementor-section-stretched elementor-section-boxed elementor-section-height-default elementor-section-height-default\" data-id=\"9e62c20\" data-element_type=\"section\" data-settings=\"{&quot;stretch_section&quot;:&quot;section-stretched&quot;,&quot;background_background&quot;:&quot;classic&quot;}\">\n\t\t\t\t\t\t<div class=\"elementor-container elementor-column-gap-default\">\n\t\t\t\t\t<div class=\"elementor-column elementor-col-100 elementor-top-column elementor-element elementor-element-c964ad2\" data-id=\"c964ad2\" data-element_type=\"column\">\n\t\t\t<div class=\"elementor-widget-wrap elementor-element-populated\">\n\t\t\t\t\t\t<div class=\"elementor-element elementor-element-65a64e7 elementor-widget elementor-widget-spacer\" data-id=\"65a64e7\" data-element_type=\"widget\" data-widget_type=\"spacer.default\">\n\t\t\t\t\t\t\t<div class=\"elementor-spacer\">\n\t\t\t<div class=\"elementor-spacer-inner\"><\/div>\n\t\t<\/div>\n\t\t\t\t\t\t<\/div>\n\t\t\t\t\t<\/div>\n\t\t<\/div>\n\t\t\t\t\t<\/div>\n\t\t<\/section>\n\t\t\t\t<section class=\"elementor-section elementor-inner-section elementor-element elementor-element-4e27ecae thankubox elementor-section-boxed elementor-section-height-default elementor-section-height-default\" data-id=\"4e27ecae\" data-element_type=\"section\" data-settings=\"{&quot;background_background&quot;:&quot;classic&quot;}\">\n\t\t\t\t\t\t<div class=\"elementor-container elementor-column-gap-default\">\n\t\t\t\t\t<div class=\"elementor-column elementor-col-100 elementor-inner-column elementor-element elementor-element-814d1cf\" data-id=\"814d1cf\" data-element_type=\"column\">\n\t\t\t<div class=\"elementor-widget-wrap\">\n\t\t\t\t\t\t\t<\/div>\n\t\t<\/div>\n\t\t\t\t\t<\/div>\n\t\t<\/section>\n\t\t\t\t<\/div>\n\t\t","protected":false},"excerpt":{"rendered":"<p>Become a partner If you aspire to join Methodia in the quest for successful business expansion, submit your contact details and we will get in touch<span class=\"excerpt-hellip\"> [\u2026]<\/span><\/p>\n","protected":false},"author":2,"featured_media":0,"parent":0,"menu_order":0,"comment_status":"closed","ping_status":"closed","template":"","meta":{"_acf_changed":false,"inline_featured_image":false,"footnotes":""},"class_list":["post-3310","page","type-page","status-publish","hentry"],"acf":[],"yoast_head":"<!-- This site is optimized with the Yoast SEO plugin v26.0 - https:\/\/yoast.com\/wordpress\/plugins\/seo\/ -->\n<title>Ampl\u00ede su horizonte de negocios con empresas de energ\u00eda, servicios p\u00fablicos y telecomunicaciones.<\/title>\n<meta name=\"description\" content=\"Obtenga reconocimiento y diferencie entre sus competidores asoci\u00e1ndose con un proveedor de soluciones de negocios de servicios p\u00fablicos con experiencia.\" \/>\n<meta name=\"robots\" content=\"index, follow, max-snippet:-1, max-image-preview:large, max-video-preview:-1\" \/>\n<link rel=\"canonical\" href=\"https:\/\/www.methodia.com\/es\/become-a-partner\" \/>\n<meta property=\"og:locale\" content=\"es_ES\" \/>\n<meta property=\"og:type\" content=\"article\" \/>\n<meta property=\"og:title\" content=\"Ampl\u00ede su horizonte de negocios con empresas de energ\u00eda, servicios p\u00fablicos y telecomunicaciones.\" \/>\n<meta property=\"og:description\" content=\"Obtenga reconocimiento y diferencie entre sus competidores asoci\u00e1ndose con un proveedor de soluciones de negocios de servicios p\u00fablicos con experiencia.\" \/>\n<meta property=\"og:url\" content=\"https:\/\/www.methodia.com\/es\/become-a-partner\" \/>\n<meta property=\"og:site_name\" content=\"Methodia\" \/>\n<meta property=\"article:publisher\" content=\"https:\/\/www.facebook.com\/Methodia\" \/>\n<meta property=\"article:modified_time\" content=\"2026-05-12T12:18:16+00:00\" \/>\n<meta property=\"og:image\" content=\"https:\/\/www.methodia.com\/wp-content\/uploads\/2018\/04\/talk-to-expert-mia-form.png\" \/>\n<meta name=\"twitter:card\" content=\"summary_large_image\" \/>\n<meta name=\"twitter:site\" content=\"@methodiainc\" \/>\n<meta name=\"twitter:label1\" content=\"Tiempo de lectura\" \/>\n\t<meta name=\"twitter:data1\" content=\"1 minuto\" \/>\n<script type=\"application\/ld+json\" class=\"yoast-schema-graph\">{\"@context\":\"https:\/\/schema.org\",\"@graph\":[{\"@type\":\"WebPage\",\"@id\":\"https:\/\/www.methodia.com\/es\/become-a-partner\",\"url\":\"https:\/\/www.methodia.com\/es\/become-a-partner\",\"name\":\"Ampl\u00ede su horizonte de negocios con empresas de energ\u00eda, servicios p\u00fablicos y telecomunicaciones.\",\"isPartOf\":{\"@id\":\"https:\/\/www.methodia.com\/#website\"},\"primaryImageOfPage\":{\"@id\":\"https:\/\/www.methodia.com\/es\/become-a-partner#primaryimage\"},\"image\":{\"@id\":\"https:\/\/www.methodia.com\/es\/become-a-partner#primaryimage\"},\"thumbnailUrl\":\"https:\/\/www.methodia.com\/wp-content\/uploads\/2018\/04\/talk-to-expert-mia-form.png\",\"datePublished\":\"2018-11-08T09:22:56+00:00\",\"dateModified\":\"2026-05-12T12:18:16+00:00\",\"description\":\"Obtenga reconocimiento y diferencie entre sus competidores asoci\u00e1ndose con un proveedor de soluciones de negocios de servicios p\u00fablicos con experiencia.\",\"breadcrumb\":{\"@id\":\"https:\/\/www.methodia.com\/es\/become-a-partner#breadcrumb\"},\"inLanguage\":\"es\",\"potentialAction\":[{\"@type\":\"ReadAction\",\"target\":[\"https:\/\/www.methodia.com\/es\/become-a-partner\"]}]},{\"@type\":\"ImageObject\",\"inLanguage\":\"es\",\"@id\":\"https:\/\/www.methodia.com\/es\/become-a-partner#primaryimage\",\"url\":\"https:\/\/www.methodia.com\/wp-content\/uploads\/2018\/04\/talk-to-expert-mia-form.png\",\"contentUrl\":\"https:\/\/www.methodia.com\/wp-content\/uploads\/2018\/04\/talk-to-expert-mia-form.png\"},{\"@type\":\"BreadcrumbList\",\"@id\":\"https:\/\/www.methodia.com\/es\/become-a-partner#breadcrumb\",\"itemListElement\":[{\"@type\":\"ListItem\",\"position\":1,\"name\":\"Home\",\"item\":\"https:\/\/www.methodia.com\/es\"},{\"@type\":\"ListItem\",\"position\":2,\"name\":\"Convi\u00e9rtete en un compa\u00f1ero\"}]},{\"@type\":\"WebSite\",\"@id\":\"https:\/\/www.methodia.com\/#website\",\"url\":\"https:\/\/www.methodia.com\/\",\"name\":\"Methodia\",\"description\":\"Utility management software solutions for gas, electricity, water, telecom and home services\",\"publisher\":{\"@id\":\"https:\/\/www.methodia.com\/#organization\"},\"potentialAction\":[{\"@type\":\"SearchAction\",\"target\":{\"@type\":\"EntryPoint\",\"urlTemplate\":\"https:\/\/www.methodia.com\/?s={search_term_string}\"},\"query-input\":{\"@type\":\"PropertyValueSpecification\",\"valueRequired\":true,\"valueName\":\"search_term_string\"}}],\"inLanguage\":\"es\"},{\"@type\":\"Organization\",\"@id\":\"https:\/\/www.methodia.com\/#organization\",\"name\":\"Methodia\",\"url\":\"https:\/\/www.methodia.com\/\",\"logo\":{\"@type\":\"ImageObject\",\"inLanguage\":\"es\",\"@id\":\"https:\/\/www.methodia.com\/#\/schema\/logo\/image\/\",\"url\":\"https:\/\/www.methodia.com\/wp-content\/uploads\/2018\/04\/methodia-logo.png\",\"contentUrl\":\"https:\/\/www.methodia.com\/wp-content\/uploads\/2018\/04\/methodia-logo.png\",\"width\":112,\"height\":55,\"caption\":\"Methodia\"},\"image\":{\"@id\":\"https:\/\/www.methodia.com\/#\/schema\/logo\/image\/\"},\"sameAs\":[\"https:\/\/www.facebook.com\/Methodia\",\"https:\/\/x.com\/methodiainc\",\"https:\/\/www.linkedin.com\/company\/methodia-inc-\/\"]}]}<\/script>\n<!-- \/ Yoast SEO plugin. -->","yoast_head_json":{"title":"Ampl\u00ede su horizonte de negocios con empresas de energ\u00eda, servicios p\u00fablicos y telecomunicaciones.","description":"Obtenga reconocimiento y diferencie entre sus competidores asoci\u00e1ndose con un proveedor de soluciones de negocios de servicios p\u00fablicos con experiencia.","robots":{"index":"index","follow":"follow","max-snippet":"max-snippet:-1","max-image-preview":"max-image-preview:large","max-video-preview":"max-video-preview:-1"},"canonical":"https:\/\/www.methodia.com\/es\/become-a-partner","og_locale":"es_ES","og_type":"article","og_title":"Ampl\u00ede su horizonte de negocios con empresas de energ\u00eda, servicios p\u00fablicos y telecomunicaciones.","og_description":"Obtenga reconocimiento y diferencie entre sus competidores asoci\u00e1ndose con un proveedor de soluciones de negocios de servicios p\u00fablicos con experiencia.","og_url":"https:\/\/www.methodia.com\/es\/become-a-partner","og_site_name":"Methodia","article_publisher":"https:\/\/www.facebook.com\/Methodia","article_modified_time":"2026-05-12T12:18:16+00:00","og_image":[{"url":"https:\/\/www.methodia.com\/wp-content\/uploads\/2018\/04\/talk-to-expert-mia-form.png","type":"","width":"","height":""}],"twitter_card":"summary_large_image","twitter_site":"@methodiainc","twitter_misc":{"Tiempo de lectura":"1 minuto"},"schema":{"@context":"https:\/\/schema.org","@graph":[{"@type":"WebPage","@id":"https:\/\/www.methodia.com\/es\/become-a-partner","url":"https:\/\/www.methodia.com\/es\/become-a-partner","name":"Ampl\u00ede su horizonte de negocios con empresas de energ\u00eda, servicios p\u00fablicos y telecomunicaciones.","isPartOf":{"@id":"https:\/\/www.methodia.com\/#website"},"primaryImageOfPage":{"@id":"https:\/\/www.methodia.com\/es\/become-a-partner#primaryimage"},"image":{"@id":"https:\/\/www.methodia.com\/es\/become-a-partner#primaryimage"},"thumbnailUrl":"https:\/\/www.methodia.com\/wp-content\/uploads\/2018\/04\/talk-to-expert-mia-form.png","datePublished":"2018-11-08T09:22:56+00:00","dateModified":"2026-05-12T12:18:16+00:00","description":"Obtenga reconocimiento y diferencie entre sus competidores asoci\u00e1ndose con un proveedor de soluciones de negocios de servicios p\u00fablicos con experiencia.","breadcrumb":{"@id":"https:\/\/www.methodia.com\/es\/become-a-partner#breadcrumb"},"inLanguage":"es","potentialAction":[{"@type":"ReadAction","target":["https:\/\/www.methodia.com\/es\/become-a-partner"]}]},{"@type":"ImageObject","inLanguage":"es","@id":"https:\/\/www.methodia.com\/es\/become-a-partner#primaryimage","url":"https:\/\/www.methodia.com\/wp-content\/uploads\/2018\/04\/talk-to-expert-mia-form.png","contentUrl":"https:\/\/www.methodia.com\/wp-content\/uploads\/2018\/04\/talk-to-expert-mia-form.png"},{"@type":"BreadcrumbList","@id":"https:\/\/www.methodia.com\/es\/become-a-partner#breadcrumb","itemListElement":[{"@type":"ListItem","position":1,"name":"Home","item":"https:\/\/www.methodia.com\/es"},{"@type":"ListItem","position":2,"name":"Convi\u00e9rtete en un compa\u00f1ero"}]},{"@type":"WebSite","@id":"https:\/\/www.methodia.com\/#website","url":"https:\/\/www.methodia.com\/","name":"Methodia","description":"Utility management software solutions for gas, electricity, water, telecom and home services","publisher":{"@id":"https:\/\/www.methodia.com\/#organization"},"potentialAction":[{"@type":"SearchAction","target":{"@type":"EntryPoint","urlTemplate":"https:\/\/www.methodia.com\/?s={search_term_string}"},"query-input":{"@type":"PropertyValueSpecification","valueRequired":true,"valueName":"search_term_string"}}],"inLanguage":"es"},{"@type":"Organization","@id":"https:\/\/www.methodia.com\/#organization","name":"Methodia","url":"https:\/\/www.methodia.com\/","logo":{"@type":"ImageObject","inLanguage":"es","@id":"https:\/\/www.methodia.com\/#\/schema\/logo\/image\/","url":"https:\/\/www.methodia.com\/wp-content\/uploads\/2018\/04\/methodia-logo.png","contentUrl":"https:\/\/www.methodia.com\/wp-content\/uploads\/2018\/04\/methodia-logo.png","width":112,"height":55,"caption":"Methodia"},"image":{"@id":"https:\/\/www.methodia.com\/#\/schema\/logo\/image\/"},"sameAs":["https:\/\/www.facebook.com\/Methodia","https:\/\/x.com\/methodiainc","https:\/\/www.linkedin.com\/company\/methodia-inc-\/"]}]}},"_links":{"self":[{"href":"https:\/\/www.methodia.com\/es\/wp-json\/wp\/v2\/pages\/3310","targetHints":{"allow":["GET"]}}],"collection":[{"href":"https:\/\/www.methodia.com\/es\/wp-json\/wp\/v2\/pages"}],"about":[{"href":"https:\/\/www.methodia.com\/es\/wp-json\/wp\/v2\/types\/page"}],"author":[{"embeddable":true,"href":"https:\/\/www.methodia.com\/es\/wp-json\/wp\/v2\/users\/2"}],"replies":[{"embeddable":true,"href":"https:\/\/www.methodia.com\/es\/wp-json\/wp\/v2\/comments?post=3310"}],"version-history":[{"count":6,"href":"https:\/\/www.methodia.com\/es\/wp-json\/wp\/v2\/pages\/3310\/revisions"}],"predecessor-version":[{"id":15071,"href":"https:\/\/www.methodia.com\/es\/wp-json\/wp\/v2\/pages\/3310\/revisions\/15071"}],"wp:attachment":[{"href":"https:\/\/www.methodia.com\/es\/wp-json\/wp\/v2\/media?parent=3310"}],"curies":[{"name":"wp","href":"https:\/\/api.w.org\/{rel}","templated":true}]}}