{"id":3293,"date":"2018-11-08T09:06:06","date_gmt":"2018-11-08T09:06:06","guid":{"rendered":"https:\/\/www.methodia.com\/legal\/general-terms-and-conditions"},"modified":"2018-12-04T10:43:44","modified_gmt":"2018-12-04T10:43:44","slug":"general-terms-and-conditions","status":"publish","type":"page","link":"https:\/\/www.methodia.com\/es\/legal\/general-terms-and-conditions","title":{"rendered":"Condiciones generales"},"content":{"rendered":"<h1>Condiciones generales<\/h1>\n<p>&nbsp;<\/p>\n<p>POR FAVOR, LEA ESTAS CONDICIONES GENERALES ANTES DE UTILIZAR ESTA P\u00c1GINA WEB<\/p>\n<p>Estas condiciones generales, las relaciones entre los visitantes de la p\u00e1gina web <a href=\"https:\/\/test-www.methodia.com\">test-www.methodia.com<\/a>, \u00a0referidas en adelante como el USUARIO y el proveedor de los servicios en Methodia S.A, CIF 201164008. Al acceder o utilizar la p\u00e1gina web de <a href=\"https:\/\/test-www.methodia.com\">test-www.methodia.com<\/a>, usted acepta que quedar\u00e1 vinculado por estas Condiciones generales y sus posibles modificaciones posteriores.\u00a0Si no est\u00e1 de acuerdo con las condiciones generales que figuran aqu\u00ed, por favor no utilice esta p\u00e1gina web.<\/p>\n<p>Hay otras condiciones que pueden aplicarse a usted<\/p>\n<p>Estas Condiciones Generales se refieren a los siguientes t\u00e9rminos adicionales, que tambi\u00e9n se aplican a su uso de nuestra p\u00e1gina web:<\/p>\n<p>* Nuestra pol\u00edtica de privacidad.<\/p>\n<p>* Nuestra pol\u00edtica de cookies, que establece la informaci\u00f3n acerca de las cookies en nuestra p\u00e1gina web.<\/p>\n<p>&nbsp;<\/p>\n<p>OBJETO de las Condiciones Generales<\/p>\n<ol>\n<li>Methodia S.A. proporciona el desarrollo de soluciones de software, soluciones SaaS, PaaS y otros servicios t\u00e9cnicos y de consultor\u00eda, boletines y otros para el USUARIO.<\/li>\n<li>Los servicios est\u00e1n sujetos a un acuerdo separado entre el USUARIO y Methodia S.A.<\/li>\n<li>El USUARIO est\u00e1 autorizado a utilizar la informaci\u00f3n de la p\u00e1gina web de acuerdo a las disposiciones de la Ley de Derecho de Autor y derechos conexos.<\/li>\n<\/ol>\n<p>&nbsp;<\/p>\n<p>DERECHO DE AUTOR<\/p>\n<ol start=\"4\">\n<li>Todos los derechos de autor est\u00e1n reservados.\u00a0Todos los derechos de propiedad intelectual en la informaci\u00f3n publicada pertenecen a Methodia S.A. y \/ o los respectivos titulares de derechos cuando se mencionan otros y est\u00e1n bajo la protecci\u00f3n de la Ley de Derechos de autor y derechos conexos.<\/li>\n<li>Cuando se presentan los recursos de informaci\u00f3n de terceros en la p\u00e1gina web, esto se indica expl\u00edcitamente publicando el nombre del autor y el enlace a la fuente.<\/li>\n<\/ol>\n<p>&nbsp;<\/p>\n<p>MENSAJES POR CORREO ELECTR\u00d3NICO<\/p>\n<ol start=\"7\">\n<li>Al completar el formulario de contacto en la p\u00e1gina web o enviando un correo electr\u00f3nico, el usuario acepta recibir correos electr\u00f3nicos de Methodia S.A. y sus afiliados.\u00a0El usuario podr\u00e1 en cualquier momento rescindir su suscripci\u00f3n a las comunicaciones electr\u00f3nicas en Methodia S.A.<\/li>\n<\/ol>\n<p>&nbsp;<\/p>\n<ol start=\"8\">\n<li>Methodia S.A. es una administradora de los datos personales seg\u00fan la Ley de Protecci\u00f3n de Datos Personales.<\/li>\n<\/ol>\n<p>&nbsp;<\/p>\n<p>DESCARGO DE RESPONSABILIDAD<\/p>\n<ol start=\"9\">\n<li>La p\u00e1gina web proporciona informaci\u00f3n y contenidos que est\u00e1n destinados s\u00f3lo para fines informativos.\u00a0La informaci\u00f3n y el contenido en la p\u00e1gina web no deben ser considerados como una representaci\u00f3n o garant\u00eda y no deben ser invocados por los usuarios de la p\u00e1gina web o por terceros.<\/li>\n<li>Methodia S.A. tiene como objetivo proporcionar a los consumidores informaci\u00f3n precisa y no es responsable de ning\u00fan da\u00f1o (directo y \/ o indirecto) como resultado del uso de la informaci\u00f3n o los servicios proporcionados en esta p\u00e1gina web.<\/li>\n<li>Methodia S.A. no es responsable de las acciones de sus usuarios.<\/li>\n<\/ol>\n<p>Se requiere que cada usuario cumpla con las Condiciones Generales, la \u00c9tica a Internet, el buen tono y la legislaci\u00f3n de la Rep\u00fablica de Bulgaria, mediante la p\u00e1gina web de Methodia S.A.<\/p>\n<p>&nbsp;<\/p>\n<p>CONDICIONES GENERALES<\/p>\n<ol start=\"12\">\n<li>Estas Condiciones Generales podr\u00e1n ser modificadas por iniciativa de Methodia S.A. o como resultado de los cambios en la legislaci\u00f3n aplicable.\u00a0Tras el cambio de las presentes Condiciones Generales, Methodia S.A. est\u00e1 obligada a publicarlas en su p\u00e1gina de Internet.<\/li>\n<li>Los conflictos entre las partes en virtud de estas Condiciones Generales ser\u00e1n resueltos mediante negociaciones directas entre ellos.\u00a0En ausencia de un acuerdo, cualquiera de las partes podr\u00e1 acudir a las autoridades judiciales competentes.<\/li>\n<li>En la aplicaci\u00f3n e interpretaci\u00f3n de estas Condiciones Generales y de los asuntos no regulados en las presentes Condiciones Generales, se aplicar\u00e1 la ley b\u00falgara.<\/li>\n<\/ol>\n<p>&nbsp;<\/p>\n<p>NUESTRAS MARCAS COMERCIALES EST\u00c1N REGISTRADAS<\/p>\n<p>\u201cMethodia\u201d es una marca comercial de la UE registrada de Methodia S.A. No se le permite usarla sin nuestra aprobaci\u00f3n.<\/p>\n","protected":false},"excerpt":{"rendered":"<p>Condiciones generales &nbsp; POR FAVOR, LEA ESTAS CONDICIONES GENERALES ANTES DE UTILIZAR ESTA P\u00c1GINA WEB Estas condiciones generales, las relaciones entre los visitantes de la p\u00e1gina<span class=\"excerpt-hellip\"> [\u2026]<\/span><\/p>\n","protected":false},"author":1,"featured_media":0,"parent":3292,"menu_order":0,"comment_status":"closed","ping_status":"closed","template":"","meta":{"_acf_changed":false,"inline_featured_image":false,"footnotes":""},"class_list":["post-3293","page","type-page","status-publish","hentry"],"acf":[],"yoast_head":"<!-- This site is optimized with the Yoast SEO plugin v26.0 - https:\/\/yoast.com\/wordpress\/plugins\/seo\/ -->\n<title>Condiciones generales de Methodia<\/title>\n<meta name=\"description\" content=\"Estos Condiciones generales gestionan las relaciones entre los visitantes de test-www.methodia.com, en adelante, el USUARIO y el proveedor de servicios.\" \/>\n<meta name=\"robots\" content=\"index, follow, max-snippet:-1, max-image-preview:large, max-video-preview:-1\" \/>\n<link rel=\"canonical\" href=\"https:\/\/www.methodia.com\/legal\/general-terms-and-conditions\" \/>\n<meta property=\"og:locale\" content=\"es_ES\" \/>\n<meta property=\"og:type\" content=\"article\" \/>\n<meta property=\"og:title\" content=\"Condiciones generales de Methodia\" \/>\n<meta property=\"og:description\" content=\"Estos Condiciones generales gestionan las relaciones entre los visitantes de test-www.methodia.com, en adelante, el USUARIO y el proveedor de servicios.\" \/>\n<meta property=\"og:url\" content=\"https:\/\/www.methodia.com\/legal\/general-terms-and-conditions\" \/>\n<meta property=\"og:site_name\" content=\"Methodia\" \/>\n<meta property=\"article:publisher\" content=\"https:\/\/www.facebook.com\/Methodia\" \/>\n<meta property=\"article:modified_time\" content=\"2018-12-04T10:43:44+00:00\" \/>\n<meta property=\"og:image\" content=\"https:\/\/www.methodia.com\/wp-content\/uploads\/2018\/04\/methodia-logo@2x.png\" \/>\n\t<meta property=\"og:image:width\" content=\"224\" \/>\n\t<meta property=\"og:image:height\" content=\"110\" \/>\n\t<meta property=\"og:image:type\" content=\"image\/png\" \/>\n<meta name=\"twitter:card\" content=\"summary_large_image\" \/>\n<meta name=\"twitter:site\" content=\"@methodiainc\" \/>\n<meta name=\"twitter:label1\" content=\"Tiempo de lectura\" \/>\n\t<meta name=\"twitter:data1\" content=\"3 minutos\" \/>\n<script type=\"application\/ld+json\" class=\"yoast-schema-graph\">{\"@context\":\"https:\/\/schema.org\",\"@graph\":[{\"@type\":\"WebPage\",\"@id\":\"https:\/\/www.methodia.com\/legal\/general-terms-and-conditions\",\"url\":\"https:\/\/www.methodia.com\/legal\/general-terms-and-conditions\",\"name\":\"Condiciones generales de Methodia\",\"isPartOf\":{\"@id\":\"https:\/\/www.methodia.com\/#website\"},\"datePublished\":\"2018-11-08T09:06:06+00:00\",\"dateModified\":\"2018-12-04T10:43:44+00:00\",\"description\":\"Estos Condiciones generales gestionan las relaciones entre los visitantes de test-www.methodia.com, en adelante, el USUARIO y el proveedor de servicios.\",\"breadcrumb\":{\"@id\":\"https:\/\/www.methodia.com\/legal\/general-terms-and-conditions#breadcrumb\"},\"inLanguage\":\"es\",\"potentialAction\":[{\"@type\":\"ReadAction\",\"target\":[\"https:\/\/www.methodia.com\/legal\/general-terms-and-conditions\"]}]},{\"@type\":\"BreadcrumbList\",\"@id\":\"https:\/\/www.methodia.com\/legal\/general-terms-and-conditions#breadcrumb\",\"itemListElement\":[{\"@type\":\"ListItem\",\"position\":1,\"name\":\"Home\",\"item\":\"https:\/\/www.methodia.com\/es\"},{\"@type\":\"ListItem\",\"position\":2,\"name\":\"Legal\",\"item\":\"https:\/\/www.methodia.com\/legal\"},{\"@type\":\"ListItem\",\"position\":3,\"name\":\"Condiciones generales\"}]},{\"@type\":\"WebSite\",\"@id\":\"https:\/\/www.methodia.com\/#website\",\"url\":\"https:\/\/www.methodia.com\/\",\"name\":\"Methodia\",\"description\":\"Utility management software solutions for gas, electricity, water, telecom and home services\",\"publisher\":{\"@id\":\"https:\/\/www.methodia.com\/#organization\"},\"potentialAction\":[{\"@type\":\"SearchAction\",\"target\":{\"@type\":\"EntryPoint\",\"urlTemplate\":\"https:\/\/www.methodia.com\/?s={search_term_string}\"},\"query-input\":{\"@type\":\"PropertyValueSpecification\",\"valueRequired\":true,\"valueName\":\"search_term_string\"}}],\"inLanguage\":\"es\"},{\"@type\":\"Organization\",\"@id\":\"https:\/\/www.methodia.com\/#organization\",\"name\":\"Methodia\",\"url\":\"https:\/\/www.methodia.com\/\",\"logo\":{\"@type\":\"ImageObject\",\"inLanguage\":\"es\",\"@id\":\"https:\/\/www.methodia.com\/#\/schema\/logo\/image\/\",\"url\":\"https:\/\/www.methodia.com\/wp-content\/uploads\/2018\/04\/methodia-logo.png\",\"contentUrl\":\"https:\/\/www.methodia.com\/wp-content\/uploads\/2018\/04\/methodia-logo.png\",\"width\":112,\"height\":55,\"caption\":\"Methodia\"},\"image\":{\"@id\":\"https:\/\/www.methodia.com\/#\/schema\/logo\/image\/\"},\"sameAs\":[\"https:\/\/www.facebook.com\/Methodia\",\"https:\/\/x.com\/methodiainc\",\"https:\/\/www.linkedin.com\/company\/methodia-inc-\/\"]}]}<\/script>\n<!-- \/ Yoast SEO plugin. -->","yoast_head_json":{"title":"Condiciones generales de Methodia","description":"Estos Condiciones generales gestionan las relaciones entre los visitantes de test-www.methodia.com, en adelante, el USUARIO y el proveedor de servicios.","robots":{"index":"index","follow":"follow","max-snippet":"max-snippet:-1","max-image-preview":"max-image-preview:large","max-video-preview":"max-video-preview:-1"},"canonical":"https:\/\/www.methodia.com\/legal\/general-terms-and-conditions","og_locale":"es_ES","og_type":"article","og_title":"Condiciones generales de Methodia","og_description":"Estos Condiciones generales gestionan las relaciones entre los visitantes de test-www.methodia.com, en adelante, el USUARIO y el proveedor de servicios.","og_url":"https:\/\/www.methodia.com\/legal\/general-terms-and-conditions","og_site_name":"Methodia","article_publisher":"https:\/\/www.facebook.com\/Methodia","article_modified_time":"2018-12-04T10:43:44+00:00","og_image":[{"width":224,"height":110,"url":"https:\/\/www.methodia.com\/wp-content\/uploads\/2018\/04\/methodia-logo@2x.png","type":"image\/png"}],"twitter_card":"summary_large_image","twitter_site":"@methodiainc","twitter_misc":{"Tiempo de lectura":"3 minutos"},"schema":{"@context":"https:\/\/schema.org","@graph":[{"@type":"WebPage","@id":"https:\/\/www.methodia.com\/legal\/general-terms-and-conditions","url":"https:\/\/www.methodia.com\/legal\/general-terms-and-conditions","name":"Condiciones generales de Methodia","isPartOf":{"@id":"https:\/\/www.methodia.com\/#website"},"datePublished":"2018-11-08T09:06:06+00:00","dateModified":"2018-12-04T10:43:44+00:00","description":"Estos Condiciones generales gestionan las relaciones entre los visitantes de test-www.methodia.com, en adelante, el USUARIO y el proveedor de servicios.","breadcrumb":{"@id":"https:\/\/www.methodia.com\/legal\/general-terms-and-conditions#breadcrumb"},"inLanguage":"es","potentialAction":[{"@type":"ReadAction","target":["https:\/\/www.methodia.com\/legal\/general-terms-and-conditions"]}]},{"@type":"BreadcrumbList","@id":"https:\/\/www.methodia.com\/legal\/general-terms-and-conditions#breadcrumb","itemListElement":[{"@type":"ListItem","position":1,"name":"Home","item":"https:\/\/www.methodia.com\/es"},{"@type":"ListItem","position":2,"name":"Legal","item":"https:\/\/www.methodia.com\/legal"},{"@type":"ListItem","position":3,"name":"Condiciones generales"}]},{"@type":"WebSite","@id":"https:\/\/www.methodia.com\/#website","url":"https:\/\/www.methodia.com\/","name":"Methodia","description":"Utility management software solutions for gas, electricity, water, telecom and home services","publisher":{"@id":"https:\/\/www.methodia.com\/#organization"},"potentialAction":[{"@type":"SearchAction","target":{"@type":"EntryPoint","urlTemplate":"https:\/\/www.methodia.com\/?s={search_term_string}"},"query-input":{"@type":"PropertyValueSpecification","valueRequired":true,"valueName":"search_term_string"}}],"inLanguage":"es"},{"@type":"Organization","@id":"https:\/\/www.methodia.com\/#organization","name":"Methodia","url":"https:\/\/www.methodia.com\/","logo":{"@type":"ImageObject","inLanguage":"es","@id":"https:\/\/www.methodia.com\/#\/schema\/logo\/image\/","url":"https:\/\/www.methodia.com\/wp-content\/uploads\/2018\/04\/methodia-logo.png","contentUrl":"https:\/\/www.methodia.com\/wp-content\/uploads\/2018\/04\/methodia-logo.png","width":112,"height":55,"caption":"Methodia"},"image":{"@id":"https:\/\/www.methodia.com\/#\/schema\/logo\/image\/"},"sameAs":["https:\/\/www.facebook.com\/Methodia","https:\/\/x.com\/methodiainc","https:\/\/www.linkedin.com\/company\/methodia-inc-\/"]}]}},"_links":{"self":[{"href":"https:\/\/www.methodia.com\/es\/wp-json\/wp\/v2\/pages\/3293","targetHints":{"allow":["GET"]}}],"collection":[{"href":"https:\/\/www.methodia.com\/es\/wp-json\/wp\/v2\/pages"}],"about":[{"href":"https:\/\/www.methodia.com\/es\/wp-json\/wp\/v2\/types\/page"}],"author":[{"embeddable":true,"href":"https:\/\/www.methodia.com\/es\/wp-json\/wp\/v2\/users\/1"}],"replies":[{"embeddable":true,"href":"https:\/\/www.methodia.com\/es\/wp-json\/wp\/v2\/comments?post=3293"}],"version-history":[{"count":1,"href":"https:\/\/www.methodia.com\/es\/wp-json\/wp\/v2\/pages\/3293\/revisions"}],"predecessor-version":[{"id":3457,"href":"https:\/\/www.methodia.com\/es\/wp-json\/wp\/v2\/pages\/3293\/revisions\/3457"}],"up":[{"embeddable":true,"href":"https:\/\/www.methodia.com\/es\/wp-json\/wp\/v2\/pages\/3292"}],"wp:attachment":[{"href":"https:\/\/www.methodia.com\/es\/wp-json\/wp\/v2\/media?parent=3293"}],"curies":[{"name":"wp","href":"https:\/\/api.w.org\/{rel}","templated":true}]}}